{"id":6,"date":"2016-08-21T18:01:54","date_gmt":"2016-08-21T16:01:54","guid":{"rendered":"http:\/\/autowerkstatt-karlsruhe.com\/?page_id=6"},"modified":"2017-04-04T04:56:23","modified_gmt":"2017-04-04T02:56:23","slug":"kfz-werkstatt","status":"publish","type":"page","link":"https:\/\/autowerkstatt-karlsruhe.com\/?page_id=6","title":{"rendered":"Kfz-Werkstatt"},"content":{"rendered":"<h1 class=\"western\">\u00a0Wir w\u00fcrden uns freuen, sie bald in unserer Werkstatt begr\u00fc\u00dfen zu d\u00fcrfen<\/h1>\n<p>Dank begleitend stetiger Fortbildung unserer Monteure und modernster Technik f\u00fcr Motordiagnosen ist uns i. A. eine schnelle Auftragsabwicklung m\u00f6glich. Sollte der Werkstattaufenthalt doch etwas l\u00e4nger werden, sind sie dank unserer Mietwagen trotzdem mobil.<\/p>\n<h1><a href=\"http:\/\/www.kfzinnung.de\/webInnung\/innung\/index.php\"><img loading=\"lazy\" decoding=\"async\" class=\"aligncenter wp-image-143 \" src=\"http:\/\/autowerkstatt-karlsruhe.com\/wp-content\/uploads\/2016\/11\/kfz_logo-150x150.jpg\" width=\"111\" height=\"99\" \/><\/a><a href=\"http:\/\/www.meisterhaft.com\/\"><img loading=\"lazy\" decoding=\"async\" class=\"aligncenter wp-image-141\" src=\"http:\/\/autowerkstatt-karlsruhe.com\/wp-content\/uploads\/2016\/11\/Meisterhaft_Logo_Auto-Schlindwein_Partner-150x150.jpg\" alt=\"meisterhaft_logo_auto-schlindwein_partner\" width=\"86\" height=\"84\" \/><\/a><\/h1>\n<h2>Leistungen unserer Kfz-Werkstatt<\/h2>\n<p>Wir bieten Ihnen folgenden Service in unserem Kfz-Meisterbetrieb:<\/p>\n<ul>\n<li>Reparaturen aller Art<\/li>\n<li>Service-Arbeiten am Auto \/ Wartung<\/li>\n<li>3 mal w\u00f6chentlich sind T\u00dcV und AU (t\u00e4glich) im Hause<\/li>\n<li>Klimaservice und Klimareinigung<\/li>\n<li>Neu- und Gebrauchtreifen Service<\/li>\n<li>Einbau von vorhandenen gebrauchten Ersatzteilen<\/li>\n<li>\u00d6lservice<\/li>\n<li>Kfz &#8211; Verglasung und Reparatur &#8211; Abrechnung direkt mit der Versicherung<\/li>\n<li>Karosserie &#8211; Instandsetzung<\/li>\n<li>Gro\u00dfe Auswahl von Reifen auf Lager<\/li>\n<li>Mietwagen f\u00fcr die Zeit der Reparatur<\/li>\n<\/ul>\n<p><img loading=\"lazy\" decoding=\"async\" class=\"size-medium wp-image-51 aligncenter\" src=\"http:\/\/autowerkstatt-karlsruhe.com\/wp-content\/uploads\/2016\/08\/kfz-werkstatt_mietwagen-300x136.jpg\" alt=\"kfz-werkstatt_mietwagen\" width=\"300\" height=\"136\" srcset=\"https:\/\/autowerkstatt-karlsruhe.com\/wp-content\/uploads\/2016\/08\/kfz-werkstatt_mietwagen-300x136.jpg 300w, https:\/\/autowerkstatt-karlsruhe.com\/wp-content\/uploads\/2016\/08\/kfz-werkstatt_mietwagen.jpg 376w\" sizes=\"auto, (max-width: 300px) 100vw, 300px\" \/><\/p>\n","protected":false},"excerpt":{"rendered":"<p>\u00a0Wir w\u00fcrden uns freuen, sie bald in unserer Werkstatt begr\u00fc\u00dfen zu d\u00fcrfen Dank begleitend stetiger Fortbildung unserer Monteure und modernster Technik f\u00fcr Motordiagnosen ist uns i. A. eine schnelle Auftragsabwicklung m\u00f6glich. Sollte der Werkstattaufenthalt doch etwas l\u00e4nger werden, sind sie dank unserer Mietwagen trotzdem mobil. Leistungen unserer Kfz-Werkstatt Wir bieten Ihnen folgenden Service in unserem &hellip; <a href=\"https:\/\/autowerkstatt-karlsruhe.com\/?page_id=6\" class=\"more-link\"><span class=\"screen-reader-text\">Kfz-Werkstatt<\/span> weiterlesen <span class=\"meta-nav\">&rarr;<\/span><\/a><\/p>\n","protected":false},"author":1,"featured_media":0,"parent":0,"menu_order":1,"comment_status":"closed","ping_status":"closed","template":"","meta":{"footnotes":""},"class_list":["post-6","page","type-page","status-publish","hentry"],"_links":{"self":[{"href":"https:\/\/autowerkstatt-karlsruhe.com\/index.php?rest_route=\/wp\/v2\/pages\/6","targetHints":{"allow":["GET"]}}],"collection":[{"href":"https:\/\/autowerkstatt-karlsruhe.com\/index.php?rest_route=\/wp\/v2\/pages"}],"about":[{"href":"https:\/\/autowerkstatt-karlsruhe.com\/index.php?rest_route=\/wp\/v2\/types\/page"}],"author":[{"embeddable":true,"href":"https:\/\/autowerkstatt-karlsruhe.com\/index.php?rest_route=\/wp\/v2\/users\/1"}],"replies":[{"embeddable":true,"href":"https:\/\/autowerkstatt-karlsruhe.com\/index.php?rest_route=%2Fwp%2Fv2%2Fcomments&post=6"}],"version-history":[{"count":11,"href":"https:\/\/autowerkstatt-karlsruhe.com\/index.php?rest_route=\/wp\/v2\/pages\/6\/revisions"}],"predecessor-version":[{"id":174,"href":"https:\/\/autowerkstatt-karlsruhe.com\/index.php?rest_route=\/wp\/v2\/pages\/6\/revisions\/174"}],"wp:attachment":[{"href":"https:\/\/autowerkstatt-karlsruhe.com\/index.php?rest_route=%2Fwp%2Fv2%2Fmedia&parent=6"}],"curies":[{"name":"wp","href":"https:\/\/api.w.org\/{rel}","templated":true}]}}