{"id":12,"date":"2016-08-21T18:03:48","date_gmt":"2016-08-21T16:03:48","guid":{"rendered":"http:\/\/autowerkstatt-karlsruhe.com\/?page_id=12"},"modified":"2017-04-04T05:11:49","modified_gmt":"2017-04-04T03:11:49","slug":"autoverwertung","status":"publish","type":"page","link":"https:\/\/autowerkstatt-karlsruhe.com\/?page_id=12","title":{"rendered":"Autoverwertung"},"content":{"rendered":"<h1 class=\"western\">Autoverwertung \/ Entsorgung von Altfahrzeugen in Karlsruhe<\/h1>\n<p>Hat ihr &#8222;Alter&#8220; ausgedient?<\/p>\n<p>Wir entsorgen Ihr Fahrzeug fachgerecht gem\u00e4\u00df \u00a7 5 Abs. 3 der Altfahrzeug-Verordnung.<\/p>\n<p>Sie k\u00f6nnen ihr Fahrzeug bei uns anliefern oder wir holen es auf Wunsch bei Ihnen ab.<\/p>\n<p>Wir melden ihr Fahrzeug ab und lassen Ihnen einen amtlich best\u00e4tigten Verwertungsnachweis zukommen.<\/p>\n<p>Je nach wirtschaftlicher Lage m\u00fcssen sie noch eine Kleinigkeit f\u00fcr die Entsorgung bezahlen oder Sie bekommen noch etwas f\u00fcr Ihren &#8222;Alten&#8220;.<\/p>\n<p><img loading=\"lazy\" decoding=\"async\" class=\"size-medium wp-image-62 aligncenter\" src=\"http:\/\/autowerkstatt-karlsruhe.com\/wp-content\/uploads\/2016\/08\/autoverwertung-300x136.jpg\" alt=\"autoverwertung\" width=\"300\" height=\"136\" srcset=\"https:\/\/autowerkstatt-karlsruhe.com\/wp-content\/uploads\/2016\/08\/autoverwertung-300x136.jpg 300w, https:\/\/autowerkstatt-karlsruhe.com\/wp-content\/uploads\/2016\/08\/autoverwertung.jpg 376w\" sizes=\"auto, (max-width: 300px) 100vw, 300px\" \/><\/p>\n<p>&nbsp;<\/p>\n","protected":false},"excerpt":{"rendered":"<p>Autoverwertung \/ Entsorgung von Altfahrzeugen in Karlsruhe Hat ihr &#8222;Alter&#8220; ausgedient? Wir entsorgen Ihr Fahrzeug fachgerecht gem\u00e4\u00df \u00a7 5 Abs. 3 der Altfahrzeug-Verordnung. Sie k\u00f6nnen ihr Fahrzeug bei uns anliefern oder wir holen es auf Wunsch bei Ihnen ab. Wir melden ihr Fahrzeug ab und lassen Ihnen einen amtlich best\u00e4tigten Verwertungsnachweis zukommen. Je nach wirtschaftlicher &hellip; <a href=\"https:\/\/autowerkstatt-karlsruhe.com\/?page_id=12\" class=\"more-link\"><span class=\"screen-reader-text\">Autoverwertung<\/span> weiterlesen <span class=\"meta-nav\">&rarr;<\/span><\/a><\/p>\n","protected":false},"author":1,"featured_media":0,"parent":0,"menu_order":4,"comment_status":"closed","ping_status":"closed","template":"","meta":{"footnotes":""},"class_list":["post-12","page","type-page","status-publish","hentry"],"_links":{"self":[{"href":"https:\/\/autowerkstatt-karlsruhe.com\/index.php?rest_route=\/wp\/v2\/pages\/12","targetHints":{"allow":["GET"]}}],"collection":[{"href":"https:\/\/autowerkstatt-karlsruhe.com\/index.php?rest_route=\/wp\/v2\/pages"}],"about":[{"href":"https:\/\/autowerkstatt-karlsruhe.com\/index.php?rest_route=\/wp\/v2\/types\/page"}],"author":[{"embeddable":true,"href":"https:\/\/autowerkstatt-karlsruhe.com\/index.php?rest_route=\/wp\/v2\/users\/1"}],"replies":[{"embeddable":true,"href":"https:\/\/autowerkstatt-karlsruhe.com\/index.php?rest_route=%2Fwp%2Fv2%2Fcomments&post=12"}],"version-history":[{"count":5,"href":"https:\/\/autowerkstatt-karlsruhe.com\/index.php?rest_route=\/wp\/v2\/pages\/12\/revisions"}],"predecessor-version":[{"id":182,"href":"https:\/\/autowerkstatt-karlsruhe.com\/index.php?rest_route=\/wp\/v2\/pages\/12\/revisions\/182"}],"wp:attachment":[{"href":"https:\/\/autowerkstatt-karlsruhe.com\/index.php?rest_route=%2Fwp%2Fv2%2Fmedia&parent=12"}],"curies":[{"name":"wp","href":"https:\/\/api.w.org\/{rel}","templated":true}]}}