{"id":101,"date":"2016-11-08T02:42:14","date_gmt":"2016-11-08T00:42:14","guid":{"rendered":"http:\/\/autowerkstatt-karlsruhe.com\/?page_id=101"},"modified":"2017-04-11T10:22:34","modified_gmt":"2017-04-11T08:22:34","slug":"autotransporte","status":"publish","type":"page","link":"https:\/\/autowerkstatt-karlsruhe.com\/?page_id=101","title":{"rendered":"Autotransporte"},"content":{"rendered":"<h1 class=\"western\">Autotransporte im In- und Ausland (Deutschland und Europa)<\/h1>\n<p>Wir transportieren im In- und Ausland seit mehr als 40 Jahren und sind bem\u00fcht, mit unserer termingerechten und professionellen Abwicklung unsere Kunden immer zufrieden zu stellen.<\/p>\n<p>Wir verf\u00fcgen \u00fcber kleine Lagerm\u00f6glichkeiten in der man das ein oder andere Fahrzeug zwischenlagern kann.<\/p>\n<p>Transportanfragen k\u00f6nnen Sie telefonisch oder nat\u00fcrlich auch per\u00a0E-Mail t\u00e4tigen. Alle Kontakt-Informationen finden Sie in der entsprechenden Kategorie <a href=\"http:\/\/autowerkstatt-karlsruhe.com\/\">Kontakt<\/a>.<\/p>\n<p><img loading=\"lazy\" decoding=\"async\" class=\"alignnone size-medium wp-image-64 aligncenter\" src=\"http:\/\/autowerkstatt-karlsruhe.com\/wp-content\/uploads\/2016\/08\/Autotransporte_1-300x182.jpg\" alt=\"Autotransporte_1\" width=\"300\" height=\"182\" srcset=\"https:\/\/autowerkstatt-karlsruhe.com\/wp-content\/uploads\/2016\/08\/Autotransporte_1-300x182.jpg 300w, https:\/\/autowerkstatt-karlsruhe.com\/wp-content\/uploads\/2016\/08\/Autotransporte_1.jpg 400w\" sizes=\"auto, (max-width: 300px) 100vw, 300px\" \/><img loading=\"lazy\" decoding=\"async\" class=\"alignnone size-medium wp-image-65 aligncenter\" src=\"http:\/\/autowerkstatt-karlsruhe.com\/wp-content\/uploads\/2016\/08\/Autotransporte_2-300x221.jpg\" alt=\"Autotransporte_2\" width=\"300\" height=\"221\" srcset=\"https:\/\/autowerkstatt-karlsruhe.com\/wp-content\/uploads\/2016\/08\/Autotransporte_2-300x221.jpg 300w, https:\/\/autowerkstatt-karlsruhe.com\/wp-content\/uploads\/2016\/08\/Autotransporte_2.jpg 400w\" sizes=\"auto, (max-width: 300px) 100vw, 300px\" \/><img loading=\"lazy\" decoding=\"async\" class=\"alignnone size-medium wp-image-66 aligncenter\" src=\"http:\/\/autowerkstatt-karlsruhe.com\/wp-content\/uploads\/2016\/08\/Logo-1-300x225.jpg\" alt=\"Logo 1\" width=\"300\" height=\"225\" srcset=\"https:\/\/autowerkstatt-karlsruhe.com\/wp-content\/uploads\/2016\/08\/Logo-1-300x225.jpg 300w, https:\/\/autowerkstatt-karlsruhe.com\/wp-content\/uploads\/2016\/08\/Logo-1-768x576.jpg 768w, https:\/\/autowerkstatt-karlsruhe.com\/wp-content\/uploads\/2016\/08\/Logo-1-1024x768.jpg 1024w\" sizes=\"auto, (max-width: 300px) 100vw, 300px\" \/><\/p>\n","protected":false},"excerpt":{"rendered":"<p>Autotransporte im In- und Ausland (Deutschland und Europa) Wir transportieren im In- und Ausland seit mehr als 40 Jahren und sind bem\u00fcht, mit unserer termingerechten und professionellen Abwicklung unsere Kunden immer zufrieden zu stellen. Wir verf\u00fcgen \u00fcber kleine Lagerm\u00f6glichkeiten in der man das ein oder andere Fahrzeug zwischenlagern kann. Transportanfragen k\u00f6nnen Sie telefonisch oder nat\u00fcrlich &hellip; <a href=\"https:\/\/autowerkstatt-karlsruhe.com\/?page_id=101\" class=\"more-link\"><span class=\"screen-reader-text\">Autotransporte<\/span> weiterlesen <span class=\"meta-nav\">&rarr;<\/span><\/a><\/p>\n","protected":false},"author":1,"featured_media":0,"parent":0,"menu_order":5,"comment_status":"closed","ping_status":"closed","template":"","meta":{"footnotes":""},"class_list":["post-101","page","type-page","status-publish","hentry"],"_links":{"self":[{"href":"https:\/\/autowerkstatt-karlsruhe.com\/index.php?rest_route=\/wp\/v2\/pages\/101","targetHints":{"allow":["GET"]}}],"collection":[{"href":"https:\/\/autowerkstatt-karlsruhe.com\/index.php?rest_route=\/wp\/v2\/pages"}],"about":[{"href":"https:\/\/autowerkstatt-karlsruhe.com\/index.php?rest_route=\/wp\/v2\/types\/page"}],"author":[{"embeddable":true,"href":"https:\/\/autowerkstatt-karlsruhe.com\/index.php?rest_route=\/wp\/v2\/users\/1"}],"replies":[{"embeddable":true,"href":"https:\/\/autowerkstatt-karlsruhe.com\/index.php?rest_route=%2Fwp%2Fv2%2Fcomments&post=101"}],"version-history":[{"count":6,"href":"https:\/\/autowerkstatt-karlsruhe.com\/index.php?rest_route=\/wp\/v2\/pages\/101\/revisions"}],"predecessor-version":[{"id":184,"href":"https:\/\/autowerkstatt-karlsruhe.com\/index.php?rest_route=\/wp\/v2\/pages\/101\/revisions\/184"}],"wp:attachment":[{"href":"https:\/\/autowerkstatt-karlsruhe.com\/index.php?rest_route=%2Fwp%2Fv2%2Fmedia&parent=101"}],"curies":[{"name":"wp","href":"https:\/\/api.w.org\/{rel}","templated":true}]}}